{"id":246,"date":"2017-12-22T12:45:40","date_gmt":"2017-12-22T11:45:40","guid":{"rendered":"http:\/\/www.typoserv.de\/?page_id=246"},"modified":"2025-07-30T10:08:39","modified_gmt":"2025-07-30T09:08:39","slug":"impressum","status":"publish","type":"page","link":"https:\/\/www.typoserv.de\/?page_id=246","title":{"rendered":"Impressum"},"content":{"rendered":"\n<h2 style=\"font-size: 20px;\">TypoServ Gesellschaft f\u00fcr Satz &#038; Druck mbH<\/h2>\n\n\n<p>Gutenbergstr. 11-23, 66117 Saarbr\u00fccken<br \/><a href=\"mailto:info@typoserv.de\">info@typoserv.de<\/a><\/p>\n\n\n<p>Gesch\u00e4ftsf\u00fchrung: Stephan Garre, Udo Merz<br>Gerichtsstand: Amtsgericht Saarbr\u00fccken<br>Umsatzsteuer-ID: DE204367518<br>Steuernummer: 04012107809<br>Registernummer: HRB10715<br>IBAN: DE56590501010090012782<br>BIC: SAKSDE55XXX<\/p>\n\n\n\n<br><h3>Design und Umsetzung:<\/h3>\n\n\n\n<p>TypoServ GmbH<\/p>\n\n\n\n<br><h3>Inhaltlich Verantwortlicher i.S.v. \u00a7 18 Abs. 2 MSTV:<\/h3>\n\n\n\n<p>Stephan Garre, Udo Merz<\/p>\n\n\n\n<br><h3>Haftung f\u00fcr Links:<\/h3>\n\n\n\n<p>Durch das Urteil vom 12. Mai 1998 &#8211; Haftung f\u00fcr Links (312 O 85\/98) hat das Landesgericht Hamburg eindeutig entschieden, dass man durch die Anbringung eines Links die Inhalte der gelinkten Seite ggf. mit zu verantworten hat, also haftbar gemacht werden kann; dies kann nur dadurch verhindert werden, indem man sich ausdr\u00fccklich von diesen Inhalten distanziert. Die Redaktion distanziert sich aus diesem formalen Grund ausdr\u00fccklich von allen Inhalten s\u00e4mtlicher gelinkter Seiten und verweist darauf, dass sie weder Einfluss auf Gestaltung und Inhalte der gelinkten Seiten hat noch sich diese Inhalte zu eigen macht.<\/p>\n\n\n\n<br><h3>Nutzungsbedingungen:<\/h3>\n\n\n\n<p>Die Inhalte (Text- und Bildmaterial) werden Internet-Nutzern ausschlie\u00dflich zum privaten, eigenen Gebrauch zur Verf\u00fcgung gestellt. Jede gewerbliche Nutzung der Inhalte dieses Online-Angebotes ist unzul\u00e4ssig.<\/p>\n\n\n\n<br><h3>Bildnachweis<\/h3>\n\n\n\n<p>Wir verwenden auf unserer Seiten Fotos einer Stockfoto-Agentur.<br> Im Folgenden finden Sie die Bildnachweise in chronologischer Reihenfolge:<br><br> Romolo Tavani &#8211; stock.adobe.com<br> besjunior &#8211; stock.adobe.com<br> stokkete &#8211; stock.adobe.com<br> Rawpixel.com &#8211; stock.adobe.com<br> Elnur &#8211; stock.adobe.com<br> Sergey Nivens &#8211; stock.adobe.com <\/p>\n","protected":false},"excerpt":{"rendered":"<p>TypoServ Gesellschaft f\u00fcr Satz &#038; Druck mbH Gutenbergstr. 11-23, 66117 Saarbr\u00fcckeninfo@typoserv.de Gesch\u00e4ftsf\u00fchrung: Stephan Garre, Udo MerzGerichtsstand: Amtsgericht Saarbr\u00fcckenUmsatzsteuer-ID: DE204367518Steuernummer: 04012107809Registernummer: HRB10715IBAN: DE56590501010090012782BIC: [&hellip;]<\/p>\n","protected":false},"author":12,"featured_media":0,"parent":294,"menu_order":0,"comment_status":"closed","ping_status":"closed","template":"page-templates\/page_fullwidth.php","meta":{"footnotes":""},"class_list":["post-246","page","type-page","status-publish","hentry"],"aioseo_notices":[],"_links":{"self":[{"href":"https:\/\/www.typoserv.de\/index.php?rest_route=\/wp\/v2\/pages\/246","targetHints":{"allow":["GET"]}}],"collection":[{"href":"https:\/\/www.typoserv.de\/index.php?rest_route=\/wp\/v2\/pages"}],"about":[{"href":"https:\/\/www.typoserv.de\/index.php?rest_route=\/wp\/v2\/types\/page"}],"author":[{"embeddable":true,"href":"https:\/\/www.typoserv.de\/index.php?rest_route=\/wp\/v2\/users\/12"}],"replies":[{"embeddable":true,"href":"https:\/\/www.typoserv.de\/index.php?rest_route=%2Fwp%2Fv2%2Fcomments&post=246"}],"version-history":[{"count":18,"href":"https:\/\/www.typoserv.de\/index.php?rest_route=\/wp\/v2\/pages\/246\/revisions"}],"predecessor-version":[{"id":1758,"href":"https:\/\/www.typoserv.de\/index.php?rest_route=\/wp\/v2\/pages\/246\/revisions\/1758"}],"up":[{"embeddable":true,"href":"https:\/\/www.typoserv.de\/index.php?rest_route=\/wp\/v2\/pages\/294"}],"wp:attachment":[{"href":"https:\/\/www.typoserv.de\/index.php?rest_route=%2Fwp%2Fv2%2Fmedia&parent=246"}],"curies":[{"name":"wp","href":"https:\/\/api.w.org\/{rel}","templated":true}]}}